{"id":2,"date":"2011-02-21T15:14:06","date_gmt":"2011-02-21T15:14:06","guid":{"rendered":"http:\/\/blog.professionearchitetto.it\/ardirepartire\/?page_id=2"},"modified":"2011-05-24T16:39:32","modified_gmt":"2011-05-24T15:39:32","slug":"info","status":"publish","type":"page","link":"https:\/\/blog.professionearchitetto.it\/ardirepartire\/info\/","title":{"rendered":"ardire &#038; partire &#8211; le info"},"content":{"rendered":"<p><em>&#8220;ardire &amp; partire&#8221; \u00e8 un progetto nato da un&#8217;idea di <a title=\"Singapore, si pu\u00f2\" href=\"http:\/\/blog.professionearchitetto.it\/maxdaurelio\/\" target=\"_blank\">Max D&#8217;Aurelio<\/a>, architetto. Quale migliore introduzione se non l&#8217;incipit del suo primo post che annunciava la nuova rubrica sul suo blog?<br \/>\n<\/em><\/p>\n<p>Prima di partire, che sia da un luogo o con un\u2019esperienza professionale, bisogna ardire a qualche cosa che, nella condizione geografica, economica o sociale nella quale ci troviamo, non riusciamo a trovare, in quanto riteniamo che manchino le giuste condizioni, per noi, per poter sviluppare un progetto, un\u2019insieme di progettualit\u00e0 o le basi della nostra intera esistenza.<\/p>\n<p>Come si progetta una partenza? Cosa lasceremo una volta partiti e cosa troveremo una volta arrivati? Come cambieranno le nostre abitudini e il nostro modo di vedere la vita e la nostra professione?<\/p>\n<p>Come si sceglie una partenza verso est piuttosto che verso ovest? Oppure da un profondo sud verso un incerto nord?<\/p>\n<p>Quando capiamo che \u00e8 maturata in noi la consapevolezza che la felicit\u00e0 \u00e8&#8230; somewhere over the raimbow?<\/p>\n<p>A tutte queste domande non c\u2019\u00e8 ovviamente una risposta &#8220;passepartout&#8221; ma possiamo scoprire qualche cosa di pi\u00f9 chiedendolo direttamente a chi, prima di noi, ha ardito e un bel giorno \u00e8 partito!<\/p>\n<p>Ecco a voi &#8220;ardire &amp; partire&#8221;, una chiacchierata in giro per il mondo con tanti nuovi amici che un giorno sono partiti, alcuni molto vicini e altri molto lontani (in questo angolo di cristalli liquidi le distanze sono azzerate) ma tutti con un sogno e un\u2019aspirazione.<\/p>\n<p>Scoprire qualche cosa sulla loro esperienza e magari trovarne spunto e ispirazione per iniziarne una tutta nuova\u2026siamo tutti cosi\u2019 lontani\u2026eppure cosi\u2019 vicini!<\/p>\n<table border=\"0\" cellspacing=\"0\" cellpadding=\"8\">\n<tbody>\n<tr>\n<td><img loading=\"lazy\" decoding=\"async\" src=\"http:\/\/www.professionearchitetto.it\/news\/archivio\/image\/2011\/02\/ardirepartire.jpg\" alt=\"\" width=\"200\" height=\"251\" \/><\/td>\n<td>\n<h4>chi sar\u00e0 il prossimo?<\/h4>\n<p>Sei un architetto all&#8217;estero?<br \/>\nVuoi entrare a far parte della community di ardire&amp;partire?<br \/>\nScrivi a <a href=\"mailto:ardirepartire@professionearchitetto.it\">ardirepartire@professionearchitetto.it<\/a><\/td>\n<\/tr>\n<\/tbody>\n<\/table>\n","protected":false},"excerpt":{"rendered":"<p>&#8220;ardire &amp; partire&#8221; \u00e8 un progetto nato da un&#8217;idea di Max D&#8217;Aurelio, architetto. Quale migliore introduzione se non l&#8217;incipit del suo primo post che annunciava la nuova rubrica sul suo blog? Prima di partire, che sia da un luogo o &hellip; <a href=\"https:\/\/blog.professionearchitetto.it\/ardirepartire\/info\/\">[continua]<\/a><\/p>\n","protected":false},"author":27,"featured_media":680,"parent":0,"menu_order":0,"comment_status":"closed","ping_status":"open","template":"","meta":{"footnotes":""},"class_list":["post-2","page","type-page","status-publish","has-post-thumbnail","hentry"],"yoast_head":"<!-- This site is optimized with the Yoast SEO plugin v24.7 - https:\/\/yoast.com\/wordpress\/plugins\/seo\/ -->\n<title>ardire &amp; partire - le info - ardire &amp; partire<\/title>\n<meta name=\"robots\" content=\"index, follow, max-snippet:-1, max-image-preview:large, max-video-preview:-1\" \/>\n<link rel=\"canonical\" href=\"https:\/\/blog.professionearchitetto.it\/ardirepartire\/info\/\" \/>\n<meta property=\"og:locale\" content=\"it_IT\" \/>\n<meta property=\"og:type\" content=\"article\" \/>\n<meta property=\"og:title\" content=\"ardire &amp; partire - le info - ardire &amp; partire\" \/>\n<meta property=\"og:description\" content=\"&#8220;ardire &amp; partire&#8221; \u00e8 un progetto nato da un&#8217;idea di Max D&#8217;Aurelio, architetto. Quale migliore introduzione se non l&#8217;incipit del suo primo post che annunciava la nuova rubrica sul suo blog? Prima di partire, che sia da un luogo o &hellip; [continua]\" \/>\n<meta property=\"og:url\" content=\"https:\/\/blog.professionearchitetto.it\/ardirepartire\/info\/\" \/>\n<meta property=\"og:site_name\" content=\"ardire &amp; partire\" \/>\n<meta property=\"article:modified_time\" content=\"2011-05-24T15:39:32+00:00\" \/>\n<meta name=\"twitter:label1\" content=\"Tempo di lettura stimato\" \/>\n\t<meta name=\"twitter:data1\" content=\"1 minuto\" \/>\n<script type=\"application\/ld+json\" class=\"yoast-schema-graph\">{\"@context\":\"https:\/\/schema.org\",\"@graph\":[{\"@type\":\"WebPage\",\"@id\":\"https:\/\/blog.professionearchitetto.it\/ardirepartire\/info\/\",\"url\":\"https:\/\/blog.professionearchitetto.it\/ardirepartire\/info\/\",\"name\":\"ardire & partire - le info - ardire &amp; partire\",\"isPartOf\":{\"@id\":\"https:\/\/blog.professionearchitetto.it\/ardirepartire\/#website\"},\"primaryImageOfPage\":{\"@id\":\"https:\/\/blog.professionearchitetto.it\/ardirepartire\/info\/#primaryimage\"},\"image\":{\"@id\":\"https:\/\/blog.professionearchitetto.it\/ardirepartire\/info\/#primaryimage\"},\"thumbnailUrl\":\"\",\"datePublished\":\"2011-02-21T15:14:06+00:00\",\"dateModified\":\"2011-05-24T15:39:32+00:00\",\"breadcrumb\":{\"@id\":\"https:\/\/blog.professionearchitetto.it\/ardirepartire\/info\/#breadcrumb\"},\"inLanguage\":\"it-IT\",\"potentialAction\":[{\"@type\":\"ReadAction\",\"target\":[\"https:\/\/blog.professionearchitetto.it\/ardirepartire\/info\/\"]}]},{\"@type\":\"ImageObject\",\"inLanguage\":\"it-IT\",\"@id\":\"https:\/\/blog.professionearchitetto.it\/ardirepartire\/info\/#primaryimage\",\"url\":\"\",\"contentUrl\":\"\",\"width\":\"200\",\"height\":\"251\"},{\"@type\":\"BreadcrumbList\",\"@id\":\"https:\/\/blog.professionearchitetto.it\/ardirepartire\/info\/#breadcrumb\",\"itemListElement\":[{\"@type\":\"ListItem\",\"position\":1,\"name\":\"Home\",\"item\":\"https:\/\/blog.professionearchitetto.it\/ardirepartire\/\"},{\"@type\":\"ListItem\",\"position\":2,\"name\":\"ardire &#038; partire &#8211; le info\"}]},{\"@type\":\"WebSite\",\"@id\":\"https:\/\/blog.professionearchitetto.it\/ardirepartire\/#website\",\"url\":\"https:\/\/blog.professionearchitetto.it\/ardirepartire\/\",\"name\":\"ardire &amp; partire\",\"description\":\"Solo un altro sito  i blog di professionearchitetto\",\"potentialAction\":[{\"@type\":\"SearchAction\",\"target\":{\"@type\":\"EntryPoint\",\"urlTemplate\":\"https:\/\/blog.professionearchitetto.it\/ardirepartire\/?s={search_term_string}\"},\"query-input\":{\"@type\":\"PropertyValueSpecification\",\"valueRequired\":true,\"valueName\":\"search_term_string\"}}],\"inLanguage\":\"it-IT\"}]}<\/script>\n<!-- \/ Yoast SEO plugin. -->","yoast_head_json":{"title":"ardire & partire - le info - ardire &amp; partire","robots":{"index":"index","follow":"follow","max-snippet":"max-snippet:-1","max-image-preview":"max-image-preview:large","max-video-preview":"max-video-preview:-1"},"canonical":"https:\/\/blog.professionearchitetto.it\/ardirepartire\/info\/","og_locale":"it_IT","og_type":"article","og_title":"ardire & partire - le info - ardire &amp; partire","og_description":"&#8220;ardire &amp; partire&#8221; \u00e8 un progetto nato da un&#8217;idea di Max D&#8217;Aurelio, architetto. Quale migliore introduzione se non l&#8217;incipit del suo primo post che annunciava la nuova rubrica sul suo blog? Prima di partire, che sia da un luogo o &hellip; [continua]","og_url":"https:\/\/blog.professionearchitetto.it\/ardirepartire\/info\/","og_site_name":"ardire &amp; partire","article_modified_time":"2011-05-24T15:39:32+00:00","twitter_misc":{"Tempo di lettura stimato":"1 minuto"},"schema":{"@context":"https:\/\/schema.org","@graph":[{"@type":"WebPage","@id":"https:\/\/blog.professionearchitetto.it\/ardirepartire\/info\/","url":"https:\/\/blog.professionearchitetto.it\/ardirepartire\/info\/","name":"ardire & partire - le info - ardire &amp; partire","isPartOf":{"@id":"https:\/\/blog.professionearchitetto.it\/ardirepartire\/#website"},"primaryImageOfPage":{"@id":"https:\/\/blog.professionearchitetto.it\/ardirepartire\/info\/#primaryimage"},"image":{"@id":"https:\/\/blog.professionearchitetto.it\/ardirepartire\/info\/#primaryimage"},"thumbnailUrl":"","datePublished":"2011-02-21T15:14:06+00:00","dateModified":"2011-05-24T15:39:32+00:00","breadcrumb":{"@id":"https:\/\/blog.professionearchitetto.it\/ardirepartire\/info\/#breadcrumb"},"inLanguage":"it-IT","potentialAction":[{"@type":"ReadAction","target":["https:\/\/blog.professionearchitetto.it\/ardirepartire\/info\/"]}]},{"@type":"ImageObject","inLanguage":"it-IT","@id":"https:\/\/blog.professionearchitetto.it\/ardirepartire\/info\/#primaryimage","url":"","contentUrl":"","width":"200","height":"251"},{"@type":"BreadcrumbList","@id":"https:\/\/blog.professionearchitetto.it\/ardirepartire\/info\/#breadcrumb","itemListElement":[{"@type":"ListItem","position":1,"name":"Home","item":"https:\/\/blog.professionearchitetto.it\/ardirepartire\/"},{"@type":"ListItem","position":2,"name":"ardire &#038; partire &#8211; le info"}]},{"@type":"WebSite","@id":"https:\/\/blog.professionearchitetto.it\/ardirepartire\/#website","url":"https:\/\/blog.professionearchitetto.it\/ardirepartire\/","name":"ardire &amp; partire","description":"Solo un altro sito  i blog di professionearchitetto","potentialAction":[{"@type":"SearchAction","target":{"@type":"EntryPoint","urlTemplate":"https:\/\/blog.professionearchitetto.it\/ardirepartire\/?s={search_term_string}"},"query-input":{"@type":"PropertyValueSpecification","valueRequired":true,"valueName":"search_term_string"}}],"inLanguage":"it-IT"}]}},"_links":{"self":[{"href":"https:\/\/blog.professionearchitetto.it\/ardirepartire\/wp-json\/wp\/v2\/pages\/2","targetHints":{"allow":["GET"]}}],"collection":[{"href":"https:\/\/blog.professionearchitetto.it\/ardirepartire\/wp-json\/wp\/v2\/pages"}],"about":[{"href":"https:\/\/blog.professionearchitetto.it\/ardirepartire\/wp-json\/wp\/v2\/types\/page"}],"author":[{"embeddable":true,"href":"https:\/\/blog.professionearchitetto.it\/ardirepartire\/wp-json\/wp\/v2\/users\/27"}],"replies":[{"embeddable":true,"href":"https:\/\/blog.professionearchitetto.it\/ardirepartire\/wp-json\/wp\/v2\/comments?post=2"}],"version-history":[{"count":11,"href":"https:\/\/blog.professionearchitetto.it\/ardirepartire\/wp-json\/wp\/v2\/pages\/2\/revisions"}],"predecessor-version":[{"id":679,"href":"https:\/\/blog.professionearchitetto.it\/ardirepartire\/wp-json\/wp\/v2\/pages\/2\/revisions\/679"}],"wp:featuredmedia":[{"embeddable":true,"href":"https:\/\/blog.professionearchitetto.it\/ardirepartire\/wp-json\/wp\/v2\/media\/680"}],"wp:attachment":[{"href":"https:\/\/blog.professionearchitetto.it\/ardirepartire\/wp-json\/wp\/v2\/media?parent=2"}],"curies":[{"name":"wp","href":"https:\/\/api.w.org\/{rel}","templated":true}]}}