{"id":2,"date":"2004-04-04T09:33:24","date_gmt":"2004-04-04T09:33:24","guid":{"rendered":"http:\/\/blog.professionearchitetto.it\/fabriziomirabella\/?page_id=2"},"modified":"2004-04-04T09:33:24","modified_gmt":"2004-04-04T09:33:24","slug":"info","status":"publish","type":"page","link":"https:\/\/blog.professionearchitetto.it\/fabriziomirabella\/info\/","title":{"rendered":"Info"},"content":{"rendered":"<p>aprite bene le orecchie per ascoltare, vi voglio trasportare nel mondo delle favole dove tutto vi sembrer\u00e0 possibile  Non fateci caso, prendetelo come viene, questo che vi mostro \u00e8 il mondo delle favole, \u00e8 il mondo dove pu\u00f2 realizzarsi l&#8217;irrealizzabile.<br \/>Non fateci caso, prendetelo come viene, \u00e8 il mondo delle favole  <br \/><i>(da koffi michel fadonougbo \u2013 i racconti mahi&#8217; della savana)<\/i><\/p>\n","protected":false},"excerpt":{"rendered":"<p>aprite bene le orecchie per ascoltare, vi voglio trasportare nel mondo delle favole dove tutto vi sembrer\u00e0 possibile Non fateci caso, prendetelo come viene, questo che vi mostro \u00e8 il mondo delle favole, \u00e8 il mondo dove pu\u00f2 realizzarsi l&#8217;irrealizzabile.Non &hellip; <a href=\"https:\/\/blog.professionearchitetto.it\/fabriziomirabella\/info\/\">[continua]<\/a><\/p>\n","protected":false},"author":7,"featured_media":0,"parent":0,"menu_order":0,"comment_status":"open","ping_status":"open","template":"","meta":{"footnotes":""},"class_list":["post-2","page","type-page","status-publish","hentry"],"yoast_head":"<!-- This site is optimized with the Yoast SEO plugin v24.7 - https:\/\/yoast.com\/wordpress\/plugins\/seo\/ -->\n<title>Info - in Africa con Fabrizio<\/title>\n<meta name=\"robots\" content=\"index, follow, max-snippet:-1, max-image-preview:large, max-video-preview:-1\" \/>\n<link rel=\"canonical\" href=\"https:\/\/blog.professionearchitetto.it\/fabriziomirabella\/info\/\" \/>\n<meta property=\"og:locale\" content=\"it_IT\" \/>\n<meta property=\"og:type\" content=\"article\" \/>\n<meta property=\"og:title\" content=\"Info - in Africa con Fabrizio\" \/>\n<meta property=\"og:description\" content=\"aprite bene le orecchie per ascoltare, vi voglio trasportare nel mondo delle favole dove tutto vi sembrer\u00e0 possibile Non fateci caso, prendetelo come viene, questo che vi mostro \u00e8 il mondo delle favole, \u00e8 il mondo dove pu\u00f2 realizzarsi l&#8217;irrealizzabile.Non &hellip; [continua]\" \/>\n<meta property=\"og:url\" content=\"https:\/\/blog.professionearchitetto.it\/fabriziomirabella\/info\/\" \/>\n<meta property=\"og:site_name\" content=\"in Africa con Fabrizio\" \/>\n<script type=\"application\/ld+json\" class=\"yoast-schema-graph\">{\"@context\":\"https:\/\/schema.org\",\"@graph\":[{\"@type\":\"WebPage\",\"@id\":\"https:\/\/blog.professionearchitetto.it\/fabriziomirabella\/info\/\",\"url\":\"https:\/\/blog.professionearchitetto.it\/fabriziomirabella\/info\/\",\"name\":\"Info - in Africa con Fabrizio\",\"isPartOf\":{\"@id\":\"https:\/\/blog.professionearchitetto.it\/fabriziomirabella\/#website\"},\"datePublished\":\"2004-04-04T09:33:24+00:00\",\"breadcrumb\":{\"@id\":\"https:\/\/blog.professionearchitetto.it\/fabriziomirabella\/info\/#breadcrumb\"},\"inLanguage\":\"it-IT\",\"potentialAction\":[{\"@type\":\"ReadAction\",\"target\":[\"https:\/\/blog.professionearchitetto.it\/fabriziomirabella\/info\/\"]}]},{\"@type\":\"BreadcrumbList\",\"@id\":\"https:\/\/blog.professionearchitetto.it\/fabriziomirabella\/info\/#breadcrumb\",\"itemListElement\":[{\"@type\":\"ListItem\",\"position\":1,\"name\":\"Home\",\"item\":\"https:\/\/blog.professionearchitetto.it\/fabriziomirabella\/\"},{\"@type\":\"ListItem\",\"position\":2,\"name\":\"Info\"}]},{\"@type\":\"WebSite\",\"@id\":\"https:\/\/blog.professionearchitetto.it\/fabriziomirabella\/#website\",\"url\":\"https:\/\/blog.professionearchitetto.it\/fabriziomirabella\/\",\"name\":\"in Africa con Fabrizio\",\"description\":\"i blog di professionearchitetto\",\"potentialAction\":[{\"@type\":\"SearchAction\",\"target\":{\"@type\":\"EntryPoint\",\"urlTemplate\":\"https:\/\/blog.professionearchitetto.it\/fabriziomirabella\/?s={search_term_string}\"},\"query-input\":{\"@type\":\"PropertyValueSpecification\",\"valueRequired\":true,\"valueName\":\"search_term_string\"}}],\"inLanguage\":\"it-IT\"}]}<\/script>\n<!-- \/ Yoast SEO plugin. -->","yoast_head_json":{"title":"Info - in Africa con Fabrizio","robots":{"index":"index","follow":"follow","max-snippet":"max-snippet:-1","max-image-preview":"max-image-preview:large","max-video-preview":"max-video-preview:-1"},"canonical":"https:\/\/blog.professionearchitetto.it\/fabriziomirabella\/info\/","og_locale":"it_IT","og_type":"article","og_title":"Info - in Africa con Fabrizio","og_description":"aprite bene le orecchie per ascoltare, vi voglio trasportare nel mondo delle favole dove tutto vi sembrer\u00e0 possibile Non fateci caso, prendetelo come viene, questo che vi mostro \u00e8 il mondo delle favole, \u00e8 il mondo dove pu\u00f2 realizzarsi l&#8217;irrealizzabile.Non &hellip; [continua]","og_url":"https:\/\/blog.professionearchitetto.it\/fabriziomirabella\/info\/","og_site_name":"in Africa con Fabrizio","schema":{"@context":"https:\/\/schema.org","@graph":[{"@type":"WebPage","@id":"https:\/\/blog.professionearchitetto.it\/fabriziomirabella\/info\/","url":"https:\/\/blog.professionearchitetto.it\/fabriziomirabella\/info\/","name":"Info - in Africa con Fabrizio","isPartOf":{"@id":"https:\/\/blog.professionearchitetto.it\/fabriziomirabella\/#website"},"datePublished":"2004-04-04T09:33:24+00:00","breadcrumb":{"@id":"https:\/\/blog.professionearchitetto.it\/fabriziomirabella\/info\/#breadcrumb"},"inLanguage":"it-IT","potentialAction":[{"@type":"ReadAction","target":["https:\/\/blog.professionearchitetto.it\/fabriziomirabella\/info\/"]}]},{"@type":"BreadcrumbList","@id":"https:\/\/blog.professionearchitetto.it\/fabriziomirabella\/info\/#breadcrumb","itemListElement":[{"@type":"ListItem","position":1,"name":"Home","item":"https:\/\/blog.professionearchitetto.it\/fabriziomirabella\/"},{"@type":"ListItem","position":2,"name":"Info"}]},{"@type":"WebSite","@id":"https:\/\/blog.professionearchitetto.it\/fabriziomirabella\/#website","url":"https:\/\/blog.professionearchitetto.it\/fabriziomirabella\/","name":"in Africa con Fabrizio","description":"i blog di professionearchitetto","potentialAction":[{"@type":"SearchAction","target":{"@type":"EntryPoint","urlTemplate":"https:\/\/blog.professionearchitetto.it\/fabriziomirabella\/?s={search_term_string}"},"query-input":{"@type":"PropertyValueSpecification","valueRequired":true,"valueName":"search_term_string"}}],"inLanguage":"it-IT"}]}},"_links":{"self":[{"href":"https:\/\/blog.professionearchitetto.it\/fabriziomirabella\/wp-json\/wp\/v2\/pages\/2","targetHints":{"allow":["GET"]}}],"collection":[{"href":"https:\/\/blog.professionearchitetto.it\/fabriziomirabella\/wp-json\/wp\/v2\/pages"}],"about":[{"href":"https:\/\/blog.professionearchitetto.it\/fabriziomirabella\/wp-json\/wp\/v2\/types\/page"}],"author":[{"embeddable":true,"href":"https:\/\/blog.professionearchitetto.it\/fabriziomirabella\/wp-json\/wp\/v2\/users\/7"}],"replies":[{"embeddable":true,"href":"https:\/\/blog.professionearchitetto.it\/fabriziomirabella\/wp-json\/wp\/v2\/comments?post=2"}],"version-history":[{"count":0,"href":"https:\/\/blog.professionearchitetto.it\/fabriziomirabella\/wp-json\/wp\/v2\/pages\/2\/revisions"}],"wp:attachment":[{"href":"https:\/\/blog.professionearchitetto.it\/fabriziomirabella\/wp-json\/wp\/v2\/media?parent=2"}],"curies":[{"name":"wp","href":"https:\/\/api.w.org\/{rel}","templated":true}]}}